{"id":4257,"date":"2015-09-29T10:36:11","date_gmt":"2015-09-29T10:36:11","guid":{"rendered":"https:\/\/app.r-biopharm.com\/?page_id=4257&#038;lang=de"},"modified":"2026-03-27T11:19:24","modified_gmt":"2026-03-27T10:19:24","slug":"start","status":"publish","type":"page","link":"https:\/\/app.r-biopharm.com\/de\/","title":{"rendered":"RIDA\u00aeSMART Systeml\u00f6sung"},"content":{"rendered":"\n<div class=\"wp-block-group alignfull has-global-padding is-layout-constrained wp-block-group-is-layout-constrained has-background\" style=\"min-height:40vh;padding-top:var(--wp--preset--spacing--60);padding-bottom:var(--wp--preset--spacing--60);background-image:url(&apos;https:\/\/app.r-biopharm.com\/wp-content\/uploads\/2025-04_RIDA-SMART-UNIVERSE_MONTAGEN_BG-Labor-Showroom_RGB-scaled.jpg&apos;);background-position:50% 50%;background-size:cover;background-attachment:scroll;\">\n<div class=\"wp-block-group is-layout-flow wp-block-group-is-layout-flow\">\n<h1 class=\"wp-block-heading header_title_box is-style-default has-base-color has-accent-6-background-color has-text-color has-background has-link-color wp-elements-1ea76760a47f20a258beed3fa3406fb9\" style=\"padding-top:var(--wp--preset--spacing--30);padding-right:var(--wp--preset--spacing--30);padding-bottom:var(--wp--preset--spacing--30);padding-left:var(--wp--preset--spacing--40)\">RIDA\u00aeSMART Systeml\u00f6sung<\/h1>\n<\/div>\n<\/div>\n\n\n\n<div class=\"wp-block-group alignfull has-accent-2-background-color has-background has-global-padding is-layout-constrained wp-block-group-is-layout-constrained\" style=\"padding-top:var(--wp--preset--spacing--30);padding-bottom:var(--wp--preset--spacing--30)\">\n<p>Die intelligente Systeml\u00f6sung f\u00fcr die Quantifizierung und Dokumentation Ihrer Mykotoxin- und Allergene RIDA\u00aeQUICK LFD-Teststreifen.<\/p>\n<\/div>\n\n\n\n<div class=\"wp-block-group alignfull has-global-padding is-layout-constrained wp-block-group-is-layout-constrained\" style=\"padding-top:var(--wp--preset--spacing--30);padding-bottom:var(--wp--preset--spacing--30)\">\n<div class=\"wp-block-columns is-layout-flex wp-container-core-columns-is-layout-28f84493 wp-block-columns-is-layout-flex\">\n<div class=\"wp-block-column is-layout-flow wp-block-column-is-layout-flow\">\n<h2 class=\"wp-block-heading\">RIDA\u00aeSMART UNIVERSE<\/h2>\n\n\n\n<p><a href=\"https:\/\/youtu.be\/3ygRmZUSDgE\">RIDA\u00aeSMART Universe<\/a> ist unser cloudbasiertes Datenmanagementsystem, mit dem Sie jederzeit und von \u00fcberall auf Ihre eigenen Messergebnisse zugreifen k\u00f6nnen.<\/p>\n<\/div>\n\n\n\n<div class=\"wp-block-column is-layout-flow wp-block-column-is-layout-flow\">\n<figure class=\"wp-block-image size-full\"><img decoding=\"async\" src=\"https:\/\/app.r-biopharm.com\/wp-content\/uploads\/2025-03_RIDA-SMART-UNIVERSE_Software.jpeg\" alt=\"\" class=\"wp-image-206\"\/><\/figure>\n<\/div>\n<\/div>\n<\/div>\n\n\n\n<div class=\"wp-block-group alignfull has-accent-2-background-color has-background has-global-padding is-layout-constrained wp-block-group-is-layout-constrained\" style=\"padding-top:var(--wp--preset--spacing--30);padding-bottom:var(--wp--preset--spacing--30)\">\n<h2 class=\"wp-block-heading\">Vorteile<\/h2>\n\n\n\n<div class=\"wp-block-columns is-layout-flex wp-container-core-columns-is-layout-28f84493 wp-block-columns-is-layout-flex\">\n<div class=\"wp-block-column is-layout-flow wp-block-column-is-layout-flow\" style=\"padding-right:var(--wp--preset--spacing--20);padding-left:var(--wp--preset--spacing--20)\">\n<figure class=\"wp-block-image aligncenter size-full is-resized\" style=\"margin-bottom:var(--wp--preset--spacing--40)\"><img decoding=\"async\" src=\"https:\/\/app.r-biopharm.com\/wp-content\/uploads\/Icon_direct-access.png\" alt=\"\" class=\"wp-image-209\" style=\"width:100px\"\/><\/figure>\n\n\n\n<h3 class=\"wp-block-heading\" style=\"margin-bottom:0\">Direkter Zugriff:<\/h3>\n\n\n\n<p style=\"margin-top:0;margin-bottom:0\">Greifen Sie jederzeit und \u00fcberall auf Ihre Daten zu.<\/p>\n<\/div>\n\n\n\n<div class=\"wp-block-column is-layout-flow wp-block-column-is-layout-flow\" style=\"padding-right:var(--wp--preset--spacing--20);padding-left:var(--wp--preset--spacing--20)\">\n<figure class=\"wp-block-image aligncenter size-full is-resized\" style=\"margin-bottom:var(--wp--preset--spacing--40)\"><img decoding=\"async\" src=\"https:\/\/app.r-biopharm.com\/wp-content\/uploads\/Icon_efficient.png\" alt=\"\" class=\"wp-image-211\" style=\"width:100px\"\/><\/figure>\n\n\n\n<h3 class=\"wp-block-heading\" style=\"margin-top:0;margin-bottom:0\">Effiziente Verwaltung:<\/h3>\n\n\n\n<p style=\"margin-top:0;margin-bottom:0\">Nutzen Sie Such-, Filter- und Exportfunktionen.<\/p>\n<\/div>\n\n\n\n<div class=\"wp-block-column is-layout-flow wp-block-column-is-layout-flow\" style=\"padding-right:var(--wp--preset--spacing--20);padding-left:var(--wp--preset--spacing--20)\">\n<figure class=\"wp-block-image aligncenter size-full is-resized\" style=\"margin-bottom:var(--wp--preset--spacing--40)\"><img decoding=\"async\" src=\"https:\/\/app.r-biopharm.com\/wp-content\/uploads\/Icon_ok.png\" alt=\"\" class=\"wp-image-213\" style=\"width:100px\"\/><\/figure>\n\n\n\n<h3 class=\"wp-block-heading\" style=\"margin-top:0;margin-bottom:0\">Optimierung des Arbeitsablaufs:<\/h3>\n\n\n\n<p style=\"margin-top:0;margin-bottom:0\">Sparen Sie Zeit mit Datenmanagement in Echtzeit.<\/p>\n<\/div>\n<\/div>\n<\/div>\n\n\n\n<div class=\"wp-block-group alignfull has-accent-5-background-color has-background has-global-padding is-layout-constrained wp-block-group-is-layout-constrained\" style=\"padding-top:var(--wp--preset--spacing--30);padding-bottom:var(--wp--preset--spacing--30)\">\n<div class=\"wp-block-columns is-layout-flex wp-container-core-columns-is-layout-28f84493 wp-block-columns-is-layout-flex\">\n<div class=\"wp-block-column is-layout-flow wp-block-column-is-layout-flow\" style=\"padding-right:var(--wp--preset--spacing--20);padding-left:var(--wp--preset--spacing--20)\">\n<h3 class=\"wp-block-heading\" style=\"margin-bottom:0\">1. Laden Sie die<br>RIDA\u00aeSMART APP herunter<\/h3>\n\n\n\n<div class=\"wp-block-group is-vertical is-nowrap is-layout-flex wp-container-core-group-is-layout-6fe931d8 wp-block-group-is-layout-flex\">\n<div class=\"wp-block-columns is-layout-flex wp-container-core-columns-is-layout-28f84493 wp-block-columns-is-layout-flex\">\n<div class=\"wp-block-column is-layout-flow wp-block-column-is-layout-flow\" style=\"flex-basis:100%\">\n<div class=\"wp-block-columns is-layout-flex wp-container-core-columns-is-layout-28f84493 wp-block-columns-is-layout-flex\">\n<div class=\"wp-block-column is-layout-flow wp-block-column-is-layout-flow\" style=\"flex-basis:100%\">\n<p class=\"is-style-default\" style=\"margin-top:0;margin-bottom:0\">RIDA\u00aeSMART APP Mycotoxin:<\/p>\n<\/div>\n<\/div>\n<\/div>\n<\/div>\n\n\n\n<figure class=\"wp-block-gallery has-nested-images columns-default is-cropped wp-block-gallery-1 is-layout-flex wp-block-gallery-is-layout-flex\">\n<figure class=\"wp-block-image size-large is-resized\"><img loading=\"lazy\" decoding=\"async\" width=\"468\" height=\"477\" data-id=\"10733\" src=\"https:\/\/app.r-biopharm.com\/wp-content\/uploads\/01A-2025-03_RIDA-SMART-UNIVERSE_Microsite_Erganzung_Launcher-App-Mykotoxine.png\" alt=\"\" class=\"wp-image-10733\" style=\"width:100px\" srcset=\"https:\/\/app.r-biopharm.com\/wp-content\/uploads\/01A-2025-03_RIDA-SMART-UNIVERSE_Microsite_Erganzung_Launcher-App-Mykotoxine.png 468w, https:\/\/app.r-biopharm.com\/wp-content\/uploads\/01A-2025-03_RIDA-SMART-UNIVERSE_Microsite_Erganzung_Launcher-App-Mykotoxine-294x300.png 294w\" sizes=\"auto, (max-width: 468px) 100vw, 468px\" \/><\/figure>\n\n\n\n<figure class=\"wp-block-image size-large is-resized\"><img loading=\"lazy\" decoding=\"async\" width=\"1024\" height=\"1024\" data-id=\"10731\" src=\"https:\/\/app.r-biopharm.com\/wp-content\/uploads\/01A-qr-code_SMART-APP_Mykotoxine-1024x1024.png\" alt=\"\" class=\"wp-image-10731\" style=\"width:100px\" srcset=\"https:\/\/app.r-biopharm.com\/wp-content\/uploads\/01A-qr-code_SMART-APP_Mykotoxine-1024x1024.png 1024w, https:\/\/app.r-biopharm.com\/wp-content\/uploads\/01A-qr-code_SMART-APP_Mykotoxine-300x300.png 300w, https:\/\/app.r-biopharm.com\/wp-content\/uploads\/01A-qr-code_SMART-APP_Mykotoxine-150x150.png 150w, https:\/\/app.r-biopharm.com\/wp-content\/uploads\/01A-qr-code_SMART-APP_Mykotoxine-1536x1536.png 1536w, https:\/\/app.r-biopharm.com\/wp-content\/uploads\/01A-qr-code_SMART-APP_Mykotoxine-2048x2048.png 2048w\" sizes=\"auto, (max-width: 1024px) 100vw, 1024px\" \/><\/figure>\n<\/figure>\n\n\n\n<p class=\"is-style-default\" style=\"margin-top:0;margin-bottom:0\">RIDA\u00aeSMART APP Allergen:<\/p>\n\n\n\n<figure class=\"wp-block-gallery has-nested-images columns-default is-cropped wp-block-gallery-2 is-layout-flex wp-block-gallery-is-layout-flex\">\n<figure class=\"wp-block-image size-large is-resized\"><img loading=\"lazy\" decoding=\"async\" width=\"468\" height=\"475\" data-id=\"10737\" src=\"https:\/\/app.r-biopharm.com\/wp-content\/uploads\/01-B-2025-03_RIDA-SMART-UNIVERSE_Microsite_Erganzung_Launcher-App-Allergene.png\" alt=\"\" class=\"wp-image-10737\" style=\"width:100px\" srcset=\"https:\/\/app.r-biopharm.com\/wp-content\/uploads\/01-B-2025-03_RIDA-SMART-UNIVERSE_Microsite_Erganzung_Launcher-App-Allergene.png 468w, https:\/\/app.r-biopharm.com\/wp-content\/uploads\/01-B-2025-03_RIDA-SMART-UNIVERSE_Microsite_Erganzung_Launcher-App-Allergene-296x300.png 296w\" sizes=\"auto, (max-width: 468px) 100vw, 468px\" \/><\/figure>\n\n\n\n<figure class=\"wp-block-image size-large is-resized\"><img loading=\"lazy\" decoding=\"async\" width=\"1024\" height=\"1024\" data-id=\"10735\" src=\"https:\/\/app.r-biopharm.com\/wp-content\/uploads\/01B-qr-code_SMART-APP_Allergene-1024x1024.png\" alt=\"\" class=\"wp-image-10735\" style=\"width:100px\" srcset=\"https:\/\/app.r-biopharm.com\/wp-content\/uploads\/01B-qr-code_SMART-APP_Allergene-1024x1024.png 1024w, https:\/\/app.r-biopharm.com\/wp-content\/uploads\/01B-qr-code_SMART-APP_Allergene-300x300.png 300w, https:\/\/app.r-biopharm.com\/wp-content\/uploads\/01B-qr-code_SMART-APP_Allergene-150x150.png 150w, https:\/\/app.r-biopharm.com\/wp-content\/uploads\/01B-qr-code_SMART-APP_Allergene-1536x1536.png 1536w, https:\/\/app.r-biopharm.com\/wp-content\/uploads\/01B-qr-code_SMART-APP_Allergene-2048x2048.png 2048w\" sizes=\"auto, (max-width: 1024px) 100vw, 1024px\" \/><\/figure>\n<\/figure>\n<\/div>\n<\/div>\n\n\n\n<div class=\"wp-block-column is-layout-flow wp-block-column-is-layout-flow\" style=\"padding-right:var(--wp--preset--spacing--20);padding-left:var(--wp--preset--spacing--20)\">\n<h3 class=\"wp-block-heading\" style=\"margin-top:0;margin-bottom:0\">2. Erstellen Sie Ihr eigenes Konto<\/h3>\n\n\n\n<figure class=\"wp-block-image aligncenter size-full is-resized\"><img loading=\"lazy\" decoding=\"async\" width=\"665\" height=\"1440\" src=\"https:\/\/app.r-biopharm.com\/wp-content\/uploads\/02-2025-03_RIDA-SMART-UNIVERSE_Microsite_Erganzung_Bild2.png\" alt=\"\" class=\"wp-image-10739\" style=\"width:160px\" srcset=\"https:\/\/app.r-biopharm.com\/wp-content\/uploads\/02-2025-03_RIDA-SMART-UNIVERSE_Microsite_Erganzung_Bild2.png 665w, https:\/\/app.r-biopharm.com\/wp-content\/uploads\/02-2025-03_RIDA-SMART-UNIVERSE_Microsite_Erganzung_Bild2-139x300.png 139w, https:\/\/app.r-biopharm.com\/wp-content\/uploads\/02-2025-03_RIDA-SMART-UNIVERSE_Microsite_Erganzung_Bild2-473x1024.png 473w\" sizes=\"auto, (max-width: 665px) 100vw, 665px\" \/><\/figure>\n<\/div>\n\n\n\n<div class=\"wp-block-column is-layout-flow wp-block-column-is-layout-flow\" style=\"padding-right:var(--wp--preset--spacing--20);padding-left:var(--wp--preset--spacing--20)\">\n<h3 class=\"wp-block-heading\" style=\"margin-top:0;margin-bottom:0\">3. F\u00fchren Sie eine<br>Messung durch<\/h3>\n\n\n\n<figure class=\"wp-block-image aligncenter size-full is-resized\"><img loading=\"lazy\" decoding=\"async\" width=\"665\" height=\"1440\" src=\"https:\/\/app.r-biopharm.com\/wp-content\/uploads\/03-2025-03_RIDA-SMART-UNIVERSE_Microsite_Ergaenzung_Bild3-UPDATE.png\" alt=\"\" class=\"wp-image-10755\" style=\"width:160px\" srcset=\"https:\/\/app.r-biopharm.com\/wp-content\/uploads\/03-2025-03_RIDA-SMART-UNIVERSE_Microsite_Ergaenzung_Bild3-UPDATE.png 665w, https:\/\/app.r-biopharm.com\/wp-content\/uploads\/03-2025-03_RIDA-SMART-UNIVERSE_Microsite_Ergaenzung_Bild3-UPDATE-139x300.png 139w, https:\/\/app.r-biopharm.com\/wp-content\/uploads\/03-2025-03_RIDA-SMART-UNIVERSE_Microsite_Ergaenzung_Bild3-UPDATE-473x1024.png 473w\" sizes=\"auto, (max-width: 665px) 100vw, 665px\" \/><\/figure>\n<\/div>\n\n\n\n<div class=\"wp-block-column is-layout-flow wp-block-column-is-layout-flow\">\n<h3 class=\"wp-block-heading\" style=\"margin-top:0;margin-bottom:0\">3. Melden Sie sich bei RIDA\u00aeSMART<br>UNIVERSE an und<br>greifen Sie auf Ihre Daten zu<\/h3>\n\n\n\n<figure class=\"wp-block-image size-full\"><img loading=\"lazy\" decoding=\"async\" width=\"1235\" height=\"1346\" src=\"https:\/\/app.r-biopharm.com\/wp-content\/uploads\/04-2025-03_RIDA-SMART-UNIVERSE_Microsite_Erganzung_Bild4.jpg\" alt=\"\" class=\"wp-image-10746\" srcset=\"https:\/\/app.r-biopharm.com\/wp-content\/uploads\/04-2025-03_RIDA-SMART-UNIVERSE_Microsite_Erganzung_Bild4.jpg 1235w, https:\/\/app.r-biopharm.com\/wp-content\/uploads\/04-2025-03_RIDA-SMART-UNIVERSE_Microsite_Erganzung_Bild4-275x300.jpg 275w, https:\/\/app.r-biopharm.com\/wp-content\/uploads\/04-2025-03_RIDA-SMART-UNIVERSE_Microsite_Erganzung_Bild4-940x1024.jpg 940w\" sizes=\"auto, (max-width: 1235px) 100vw, 1235px\" \/><\/figure>\n<\/div>\n<\/div>\n<\/div>\n\n\n\n<div class=\"wp-block-group alignfull has-accent-2-background-color has-background has-global-padding is-layout-constrained wp-block-group-is-layout-constrained\" style=\"padding-top:var(--wp--preset--spacing--30);padding-bottom:var(--wp--preset--spacing--30)\">\n<div class=\"wp-block-columns is-layout-flex wp-container-core-columns-is-layout-28f84493 wp-block-columns-is-layout-flex\">\n<div class=\"wp-block-column is-layout-flow wp-block-column-is-layout-flow\">\n<p>Erleben Sie die Zukunft der digitalen L\u00f6sungen heute und sehen Sie, wie RIDA\u00aeSMART Universe Ihren Workflow transformieren kann! RIDA\u00aeSMART Universe bringt unsere Systeml\u00f6sung auf den neuesten technologischen Stand und \u00f6ffnet die T\u00fcr zu einer intelligenten digitalen Welt.<\/p>\n\n\n\n<p><strong><a class=\"fancybox-inline\" href=\"#cfpopup\">Mehr Informationen zur RIDA\u00aeSMART Systeml\u00f6sung anfordern!<\/a><\/strong><\/p>\n\n\n\n<div id=\"cfpopup\" class=\"wp-block-group fancybox-hidden has-global-padding is-layout-constrained wp-block-group-is-layout-constrained\">\n\n<div class=\"wpcf7 no-js\" id=\"wpcf7-f4-o1\" lang=\"en-US\" dir=\"ltr\" data-wpcf7-id=\"4\">\n<div class=\"screen-reader-response\"><p role=\"status\" aria-live=\"polite\" aria-atomic=\"true\"><\/p> <ul><\/ul><\/div>\n<form action=\"\/de\/wp-json\/wp\/v2\/pages\/4257#wpcf7-f4-o1\" method=\"post\" class=\"wpcf7-form init\" aria-label=\"Contact form\" novalidate=\"novalidate\" data-status=\"init\">\n<fieldset class=\"hidden-fields-container\"><input type=\"hidden\" name=\"_wpcf7\" value=\"4\" \/><input type=\"hidden\" name=\"_wpcf7_version\" value=\"6.1.5\" \/><input type=\"hidden\" name=\"_wpcf7_locale\" value=\"en_US\" \/><input type=\"hidden\" name=\"_wpcf7_unit_tag\" value=\"wpcf7-f4-o1\" \/><input type=\"hidden\" name=\"_wpcf7_container_post\" value=\"0\" \/><input type=\"hidden\" name=\"_wpcf7_posted_data_hash\" value=\"\" \/>\n<\/fieldset>\n<p><span class=\"wpcf7-form-control-wrap\" data-name=\"your-name\"><input size=\"40\" maxlength=\"400\" class=\"wpcf7-form-control wpcf7-text wpcf7-validates-as-required\" aria-required=\"true\" aria-invalid=\"false\" placeholder=\"Ihr Name\" value=\"\" type=\"text\" name=\"your-name\" \/><\/span><br \/>\n<span class=\"wpcf7-form-control-wrap\" data-name=\"your-email\"><input size=\"40\" maxlength=\"400\" class=\"wpcf7-form-control wpcf7-email wpcf7-validates-as-required wpcf7-text wpcf7-validates-as-email\" aria-required=\"true\" aria-invalid=\"false\" placeholder=\"Ihre E-Mail\" value=\"\" type=\"email\" name=\"your-email\" \/><\/span><br \/>\n<span class=\"wpcf7-form-control-wrap\" data-name=\"your-message\"><textarea cols=\"40\" rows=\"3\" maxlength=\"2000\" class=\"wpcf7-form-control wpcf7-textarea\" aria-invalid=\"false\" placeholder=\"Ihre Nachricht an uns\" name=\"your-message\"><\/textarea><\/span>\n<\/p>\n<p>Mit Absenden der Kontaktanfrage gebe ich mein Einverst\u00e4ndnis, dass die oben genannten personenbezogenen Daten zur Bearbeitung meiner Kontaktanfrage gespeichert und ggfs. entsprechend meiner Anfrage an verbundene Unternehmensgesellschaften \u00fcbermittelt werden. Weitere Informationen k\u00f6nnen Sie <a target=\"_blank\" href=\"http:\/\/r-biopharm.com\/de\/datenschutzerklaerung\">unserer Datenschutzerkl\u00e4rung entnehmen<\/a>.\n<\/p>\n<p><span id=\"wpcf7-69f3c1da63c21-wrapper\" class=\"wpcf7-form-control-wrap state-wrap\" ><label for=\"wpcf7-69f3c1da63c21-field\" class=\"hp-message\">Please leave this field empty.<\/label><input id=\"wpcf7-69f3c1da63c21-field\"  class=\"wpcf7-form-control wpcf7-text\" type=\"text\" name=\"state\" value=\"\" size=\"40\" tabindex=\"-1\" autocomplete=\"new-password\" \/><\/span>\n<\/p>\n<p><span class=\"wpcf7-form-control-wrap\" data-name=\"capital-quiz\"><label><span class=\"wpcf7-quiz-label\">Welches Tier bellt? Katze oder Hund?<\/span> <input size=\"40\" class=\"wpcf7-form-control wpcf7-quiz\" autocomplete=\"off\" aria-required=\"true\" aria-invalid=\"false\" type=\"text\" name=\"capital-quiz\" \/><\/label><input type=\"hidden\" name=\"_wpcf7_quiz_answer_capital-quiz\" value=\"bfbc940bb16072e63dced2b06efc3d80\" \/><\/span>\n<\/p>\n<p><input class=\"wpcf7-form-control wpcf7-submit has-spinner\" type=\"submit\" value=\"Absenden\" \/>\n<\/p><div class=\"wpcf7-response-output\" aria-hidden=\"true\"><\/div>\n<\/form>\n<\/div>\n\n<\/div>\n<\/div>\n\n\n\n<div class=\"wp-block-column is-vertically-aligned-center is-layout-flow wp-block-column-is-layout-flow\">\n<figure class=\"wp-block-image aligncenter size-full\"><img decoding=\"async\" src=\"https:\/\/app.r-biopharm.com\/wp-content\/uploads\/2025-03_RIDA-SMART-UNIVERSE_Mockups-Handy-Laptop_NEU.png\" alt=\"\" class=\"wp-image-296\"\/><\/figure>\n<\/div>\n<\/div>\n<\/div>\n","protected":false},"excerpt":{"rendered":"<p>RIDA\u00aeSMART Systeml\u00f6sung Die intelligente Systeml\u00f6sung f\u00fcr die Quantifizierung und Dokumentation Ihrer Mykotoxin- und Allergene RIDA\u00aeQUICK LFD-Teststreifen. RIDA\u00aeSMART UNIVERSE RIDA\u00aeSMART Universe ist unser cloudbasiertes Datenmanagementsystem, mit dem Sie jederzeit und von \u00fcberall auf Ihre eigenen Messergebnisse zugreifen k\u00f6nnen. Vorteile Direkter Zugriff: Greifen Sie jederzeit und \u00fcberall auf Ihre Daten zu. Effiziente Verwaltung: Nutzen Sie Such-, Filter- [&hellip;]<\/p>\n","protected":false},"author":1,"featured_media":0,"parent":0,"menu_order":0,"comment_status":"closed","ping_status":"closed","template":"page-no-title","meta":{"_acf_changed":false,"_seopress_robots_primary_cat":"","_seopress_titles_title":"","_seopress_titles_desc":"","_seopress_robots_index":"","footnotes":""},"class_list":["post-4257","page","type-page","status-publish","hentry"],"acf":[],"_links":{"self":[{"href":"https:\/\/app.r-biopharm.com\/de\/wp-json\/wp\/v2\/pages\/4257","targetHints":{"allow":["GET"]}}],"collection":[{"href":"https:\/\/app.r-biopharm.com\/de\/wp-json\/wp\/v2\/pages"}],"about":[{"href":"https:\/\/app.r-biopharm.com\/de\/wp-json\/wp\/v2\/types\/page"}],"author":[{"embeddable":true,"href":"https:\/\/app.r-biopharm.com\/de\/wp-json\/wp\/v2\/users\/1"}],"replies":[{"embeddable":true,"href":"https:\/\/app.r-biopharm.com\/de\/wp-json\/wp\/v2\/comments?post=4257"}],"version-history":[{"count":20,"href":"https:\/\/app.r-biopharm.com\/de\/wp-json\/wp\/v2\/pages\/4257\/revisions"}],"predecessor-version":[{"id":10781,"href":"https:\/\/app.r-biopharm.com\/de\/wp-json\/wp\/v2\/pages\/4257\/revisions\/10781"}],"wp:attachment":[{"href":"https:\/\/app.r-biopharm.com\/de\/wp-json\/wp\/v2\/media?parent=4257"}],"curies":[{"name":"wp","href":"https:\/\/api.w.org\/{rel}","templated":true}]}}