{"id":4315,"date":"2015-11-04T15:10:46","date_gmt":"2015-11-04T15:10:46","guid":{"rendered":"https:\/\/app.r-biopharm.com\/de\/?page_id=4315"},"modified":"2025-06-17T11:32:48","modified_gmt":"2025-06-17T09:32:48","slug":"registrierung","status":"publish","type":"page","link":"https:\/\/app.r-biopharm.com\/de\/registrierung\/","title":{"rendered":"Registrierung"},"content":{"rendered":"\n<h3>Neues Konto registrieren<\/h3>\n\n\n<p><a href=\"https:\/\/app.r-biopharm.com\/de\/login\/\">Klicken Sie hier, um sich einzuloggen<\/a><\/p>\n\n<form id=\"signup_form\" class=\"signup_form\" action=\"\" method=\"POST\">\n    <fieldset>\n        <p>\n            <label for=\"vouchers\">Vouchers<\/label>\n            <textarea name=\"vouchers\" id=\"vouchers\" rows=\"3\" cols=\"30\" placeholder=\"1 Code pro Zeile\"><\/textarea>\n        <\/p>\n\n        <p>\n            <label for=\"first_name\">Vorname<\/label>\n            <input name=\"first_name\" id=\"first_name\" type=\"text\" value=\"\" \/>\n        <\/p>\n\n        <p>\n            <label for=\"last_name\">Nachname<\/label>\n            <input name=\"last_name\" id=\"last_name\" type=\"text\" value=\"\" \/>\n        <\/p>\n\n        <p>\n            <label for=\"email\">E-Mail-Adresse<\/label>\n            <input name=\"email\" id=\"email\" class=\"required\" type=\"email\" value=\"\" \/>\n        <\/p>\n\n        <p>\n            <label for=\"password\">Passwort<\/label>\n            <input name=\"password\" id=\"password\" class=\"required\" type=\"password\" \/>\n        <\/p>\n\n        <p>\n            <label for=\"password_again\">Passwort wiederholen<\/label>\n            <input name=\"password_confirm\" id=\"password_again\" class=\"required\" type=\"password\" \/>\n        <\/p>\n\n        <p>\n            <label for=\"position\">Position<\/label>\n            <input name=\"position\" id=\"position\" type=\"text\" placeholder=\"z.B.: Labormanager\" \/>\n        <\/p>\n\n        <p>\n            <label for=\"company\">Unternehmen<\/label>\n            <input name=\"company\" id=\"company\" type=\"text\" value=\"\" \/>\n        <\/p>\n\n        <p>\n            <label for=\"customer_code\">Kundennummer<\/label>\n            <input name=\"customer_code\" id=\"customer_code\" type=\"text\" \/>\n        <\/p>\n\n        <p>\n            <label for=\"country\">Land<\/label>\n            <select name=\"country\" id=\"country\">\n                <option value=\"\" disabled selected>Bitte ausw\u00e4hlen<\/option>\n                                <option value=\"afghanistan\">Afghanistan<\/option>\n                                <option value=\"albania\">Albanien<\/option>\n                                <option value=\"algeria\">Algerien<\/option>\n                                <option value=\"american_samoa\">Amerikanisch-Samoa<\/option>\n                                <option value=\"andorra\">Andorra<\/option>\n                                <option value=\"angola\">Angola<\/option>\n                                <option value=\"anguilla\">Anguilla<\/option>\n                                <option value=\"antigua_and_barbuda\">Antigua und Barbuda<\/option>\n                                <option value=\"argentina\">Argentinien<\/option>\n                                <option value=\"armenia\">Armenien<\/option>\n                                <option value=\"aruba\">Aruba<\/option>\n                                <option value=\"australia\">Australien<\/option>\n                                <option value=\"austria\">\u00d6sterreich<\/option>\n                                <option value=\"azerbaijan\">Aserbaidschan<\/option>\n                                <option value=\"bahamas\">Bahamas<\/option>\n                                <option value=\"bahrain\">Bahrain<\/option>\n                                <option value=\"bangladesh\">Bangladesch<\/option>\n                                <option value=\"barbados\">Barbados<\/option>\n                                <option value=\"belarus\">Wei\u00dfrussland<\/option>\n                                <option value=\"belgium\">Belgien<\/option>\n                                <option value=\"belize\">Belize<\/option>\n                                <option value=\"benin\">Benin<\/option>\n                                <option value=\"bermuda\">Bermuda<\/option>\n                                <option value=\"bhutan\">Bhutan<\/option>\n                                <option value=\"bolivia\">Bolivien<\/option>\n                                <option value=\"bosnia-herzegovina\">Bosnien-Herzegovina<\/option>\n                                <option value=\"botswana\">Botswana<\/option>\n                                <option value=\"bouvet_island\">Bouvet Insel<\/option>\n                                <option value=\"brazil\">Brasilien<\/option>\n                                <option value=\"brunei\">Brunei<\/option>\n                                <option value=\"bulgaria\">Bulgarien<\/option>\n                                <option value=\"burkina_faso\">Burkina Faso<\/option>\n                                <option value=\"burundi\">Burundi<\/option>\n                                <option value=\"cambodia\">Kambodscha<\/option>\n                                <option value=\"cameroon\">Kamerun<\/option>\n                                <option value=\"canada\">Kanada<\/option>\n                                <option value=\"cape_verde\">Kap Verde<\/option>\n                                <option value=\"cayman_islands\">Kaiman Inseln<\/option>\n                                <option value=\"central_african_republic\">Zentralafrikanische Republik<\/option>\n                                <option value=\"chad\">Tschad<\/option>\n                                <option value=\"chile\">Chile<\/option>\n                                <option value=\"china\">China<\/option>\n                                <option value=\"christmas_island\">Weihnachtsinsel<\/option>\n                                <option value=\"cocos_(keeling)_islands\">Kokosinseln<\/option>\n                                <option value=\"colombia\">Kolumbien<\/option>\n                                <option value=\"comoros\">Komoren<\/option>\n                                <option value=\"congo,_democratic_republic_of_the_(zaire)\">Demokratische Republik Kongo<\/option>\n                                <option value=\"congo,_republic_of\">Kongo, Republik<\/option>\n                                <option value=\"cook_islands\">Cook-Inseln<\/option>\n                                <option value=\"costa_rica\">Costa Rica<\/option>\n                                <option value=\"croatia\">Kroatien<\/option>\n                                <option value=\"cuba\">Kuba<\/option>\n                                <option value=\"cyprus\">Zypern<\/option>\n                                <option value=\"czech_republic\">Tschechien<\/option>\n                                <option value=\"denmark\">D\u00e4nemark<\/option>\n                                <option value=\"djibouti\">Dschibuti<\/option>\n                                <option value=\"dominica\">Dominika<\/option>\n                                <option value=\"dominican_republic\">Dominikanische Republik<\/option>\n                                <option value=\"ecuador\">Ecuador<\/option>\n                                <option value=\"egypt\">\u00c4gypten<\/option>\n                                <option value=\"el_salvador\">El Salvador<\/option>\n                                <option value=\"equatorial_guinea\">\u00c4quatorialguinea<\/option>\n                                <option value=\"eritrea\">Eritrea<\/option>\n                                <option value=\"estonia\">Estland<\/option>\n                                <option value=\"ethiopia\">\u00c4thiopien<\/option>\n                                <option value=\"falkland_islands\">Falklandinseln<\/option>\n                                <option value=\"faroe_islands\">F\u00e4r\u00f6er Inseln<\/option>\n                                <option value=\"fiji\">Fidschi<\/option>\n                                <option value=\"finland\">Finnland<\/option>\n                                <option value=\"france\">Frankreich<\/option>\n                                <option value=\"french_guiana\">Franz\u00f6sisch-Guayana<\/option>\n                                <option value=\"gabon\">Gabun<\/option>\n                                <option value=\"gambia\">Gambia<\/option>\n                                <option value=\"georgia\">Georgien<\/option>\n                                <option value=\"germany\">Deutschland<\/option>\n                                <option value=\"ghana\">Ghana<\/option>\n                                <option value=\"gibraltar\">Gibraltar<\/option>\n                                <option value=\"greece\">Griechenland<\/option>\n                                <option value=\"greenland\">Gr\u00f6nland<\/option>\n                                <option value=\"grenada\">Grenada<\/option>\n                                <option value=\"guadeloupe_(french)\">Guadeloupe (Franz\u00f6sisch)<\/option>\n                                <option value=\"guam_(usa)\">Guam<\/option>\n                                <option value=\"guatemala\">Guatemala<\/option>\n                                <option value=\"guinea\">Guinea<\/option>\n                                <option value=\"guinea_bissau\">Guinea-Bissau<\/option>\n                                <option value=\"guyana\">Guyana<\/option>\n                                <option value=\"haiti\">Haiti<\/option>\n                                <option value=\"holy_see\"> Holy See<\/option>\n                                <option value=\"honduras\">Honduras<\/option>\n                                <option value=\"hong_kong\">Hongkong<\/option>\n                                <option value=\"hungary\">Ungarn<\/option>\n                                <option value=\"iceland\">Island<\/option>\n                                <option value=\"india\">Indien<\/option>\n                                <option value=\"indonesia\">Indonesien<\/option>\n                                <option value=\"iran\">Iran<\/option>\n                                <option value=\"iraq\">Irak<\/option>\n                                <option value=\"ireland\">Irland<\/option>\n                                <option value=\"israel\">Israel<\/option>\n                                <option value=\"italy\">Italien<\/option>\n                                <option value=\"ivory_coast_(cote_d`ivoire)\">Elfenbeink\u00fcste (Cote d\u2019Ivoire)<\/option>\n                                <option value=\"jamaica\">Jamaika<\/option>\n                                <option value=\"japan\">Japan<\/option>\n                                <option value=\"jordan\">Jordanien<\/option>\n                                <option value=\"kazakhstan\">Kasachstan<\/option>\n                                <option value=\"kenya\">Kenia<\/option>\n                                <option value=\"kiribati\">Kiribati<\/option>\n                                <option value=\"kuwait\">Kuwait<\/option>\n                                <option value=\"kyrgyzstan\">Kirgisistan<\/option>\n                                <option value=\"laos\">Laos<\/option>\n                                <option value=\"latvia\">Lettland<\/option>\n                                <option value=\"lebanon\">Libanon<\/option>\n                                <option value=\"lesotho\">Lesotho<\/option>\n                                <option value=\"liberia\">Liberia<\/option>\n                                <option value=\"libya\">Libyen<\/option>\n                                <option value=\"liechtenstein\">Liechtenstein<\/option>\n                                <option value=\"lithuania\">Litauen<\/option>\n                                <option value=\"luxembourg\">Luxemburg<\/option>\n                                <option value=\"macau\">Macao<\/option>\n                                <option value=\"macedonia\">Mazedonien<\/option>\n                                <option value=\"madagascar\">Madagaskar<\/option>\n                                <option value=\"malawi\">Malawi<\/option>\n                                <option value=\"malaysia\">Malaysia<\/option>\n                                <option value=\"maldives\">Malediven<\/option>\n                                <option value=\"mali\">Mali<\/option>\n                                <option value=\"malta\">Malta<\/option>\n                                <option value=\"marshall_islands\">Marshallinseln<\/option>\n                                <option value=\"martinique_(french)\">Martinique (Franz\u00f6sisch)<\/option>\n                                <option value=\"mauritania\">Mauretanien<\/option>\n                                <option value=\"mauritius\">Mauritius<\/option>\n                                <option value=\"mayotte\">Mayotte<\/option>\n                                <option value=\"mexico\">Mexiko<\/option>\n                                <option value=\"micronesia\">Mikronesien<\/option>\n                                <option value=\"moldova\">Moldawien<\/option>\n                                <option value=\"monaco\">Monaco<\/option>\n                                <option value=\"mongolia\">Mongolei<\/option>\n                                <option value=\"montenegro\">Montenegro<\/option>\n                                <option value=\"montserrat\">Montserrat<\/option>\n                                <option value=\"morocco\">Marokko<\/option>\n                                <option value=\"mozambique\">Mosambik<\/option>\n                                <option value=\"myanmar\">Myanmar<\/option>\n                                <option value=\"namibia\">Namibia<\/option>\n                                <option value=\"nauru\">Nauru<\/option>\n                                <option value=\"nepal\">Nepal<\/option>\n                                <option value=\"netherlands\">Niederlande<\/option>\n                                <option value=\"netherlands_antilles\">Niederl\u00e4ndische Antillen<\/option>\n                                <option value=\"new_caledonia_(french)\">Neukaledonien (Franz\u00f6sisch)<\/option>\n                                <option value=\"new_zealand\">Neuseeland<\/option>\n                                <option value=\"nicaragua\">Nicaragua<\/option>\n                                <option value=\"niger\">Niger<\/option>\n                                <option value=\"nigeria\">Nigeria<\/option>\n                                <option value=\"niue\">Niue<\/option>\n                                <option value=\"norfolk_island\">Norfolkinsel<\/option>\n                                <option value=\"north_korea\">Nordkorea<\/option>\n                                <option value=\"northern_mariana_islands\">N\u00f6rdliche Marianen<\/option>\n                                <option value=\"norway\">Norwegen<\/option>\n                                <option value=\"oman\">Oman<\/option>\n                                <option value=\"pakistan\">Pakistan<\/option>\n                                <option value=\"palau\">Palau<\/option>\n                                <option value=\"panama\">Panama<\/option>\n                                <option value=\"papua_new_guinea\">Papua-Neuguinea<\/option>\n                                <option value=\"paraguay\">Paraguay<\/option>\n                                <option value=\"peru\">Peru<\/option>\n                                <option value=\"philippines\">Philippinen<\/option>\n                                <option value=\"pitcairn_island\">Weihnachtsinsel<\/option>\n                                <option value=\"poland\">Polen<\/option>\n                                <option value=\"polynesia_(french)\">Guadeloupe (Franz\u00f6sisch)<\/option>\n                                <option value=\"portugal\">Portugal<\/option>\n                                <option value=\"puerto_rico\">Puerto Rico<\/option>\n                                <option value=\"qatar\">Katar<\/option>\n                                <option value=\"reunion\">R\u00e9union<\/option>\n                                <option value=\"romania\">Rum\u00e4nien<\/option>\n                                <option value=\"russia\">Russland<\/option>\n                                <option value=\"rwanda\">Rwanda<\/option>\n                                <option value=\"saint_helena\">St. Helena<\/option>\n                                <option value=\"saint_kitts_and_nevis\">St. Kitts und Nevis<\/option>\n                                <option value=\"saint_lucia\">Sankt Lucia<\/option>\n                                <option value=\"saint_pierre_and_miquelon\">Saint-Pierre und Miquelon<\/option>\n                                <option value=\"saint_vincent_and_grenadines\">St. Vincent und die Grenadinen<\/option>\n                                <option value=\"samoa\">Samoa<\/option>\n                                <option value=\"san_marino\">San Marino<\/option>\n                                <option value=\"sao_tome_and_principe\">S\u00e3o Tom\u00e9 und Pr\u00edncipe<\/option>\n                                <option value=\"saudi_arabia\">Saudi-Arabien<\/option>\n                                <option value=\"senegal\">Senegal<\/option>\n                                <option value=\"serbia\">Serbien<\/option>\n                                <option value=\"seychelles\">Seychellen<\/option>\n                                <option value=\"sierra_leone\">Sierra Leone<\/option>\n                                <option value=\"singapore\">Singapur<\/option>\n                                <option value=\"slovakia\">Slowakei<\/option>\n                                <option value=\"slovenia\">Slowenien<\/option>\n                                <option value=\"solomon_islands\">Salomonen<\/option>\n                                <option value=\"somalia\">Somalia<\/option>\n                                <option value=\"south_africa\">S\u00fcdafrika<\/option>\n                                <option value=\"south_georgia_and_south_sandwich_islands\">S\u00fcdgeorgien und S\u00fcdliche Sandwichinseln<\/option>\n                                <option value=\"south_korea\">S\u00fcdkorea<\/option>\n                                <option value=\"south_sudan\">S\u00fcdsudan<\/option>\n                                <option value=\"spain\">Spanien<\/option>\n                                <option value=\"sri_lanka\">Sri Lanka<\/option>\n                                <option value=\"sudan\">Sudan<\/option>\n                                <option value=\"suriname\">Suriname<\/option>\n                                <option value=\"svalbard_and_jan_mayen_islands\">Svalbard und Jan Mayen Inseln<\/option>\n                                <option value=\"swaziland\">Swasiland<\/option>\n                                <option value=\"sweden\">Schweden<\/option>\n                                <option value=\"switzerland\">Schweiz<\/option>\n                                <option value=\"syria\">Syrien<\/option>\n                                <option value=\"taiwan\">Taiwan<\/option>\n                                <option value=\"tajikistan\">Tadschikistan<\/option>\n                                <option value=\"tanzania\">Tansania<\/option>\n                                <option value=\"thailand\">Thailand<\/option>\n                                <option value=\"timor-leste_(east_timor)\">Timor-Leste (Osttimor)<\/option>\n                                <option value=\"togo\">Togo<\/option>\n                                <option value=\"tokelau\">Tokelau<\/option>\n                                <option value=\"tonga\">Tonga<\/option>\n                                <option value=\"trinidad_and_tobago\">Trinidad und Tobago<\/option>\n                                <option value=\"tunisia\">Tunesien<\/option>\n                                <option value=\"turkey\">T\u00fcrkei<\/option>\n                                <option value=\"turkmenistan\">Turkmenistan<\/option>\n                                <option value=\"turks_and_caicos_islands\">Turks- und Caicosinseln<\/option>\n                                <option value=\"tuvalu\">Tuvalu<\/option>\n                                <option value=\"uganda\">Uganda<\/option>\n                                <option value=\"ukraine\">Ukraine<\/option>\n                                <option value=\"united_arab_emirates\">Vereinigte Arabische Emirate<\/option>\n                                <option value=\"united_kingdom\">Grossbritannien (Vereinigtes K\u00f6nigreich)<\/option>\n                                <option value=\"united_states\">USA<\/option>\n                                <option value=\"uruguay\">Uruguay<\/option>\n                                <option value=\"uzbekistan\">Usbekistan<\/option>\n                                <option value=\"vanuatu\">Vanuatu<\/option>\n                                <option value=\"venezuela\">Venezuela<\/option>\n                                <option value=\"vietnam\">Vietnam<\/option>\n                                <option value=\"virgin_islands\">Jungferninseln (US)<\/option>\n                                <option value=\"wallis_and_futuna_islands\">Wallis und Futuna Inseln<\/option>\n                                <option value=\"yemen\">Jemen<\/option>\n                                <option value=\"zambia\">Sambia<\/option>\n                                <option value=\"zimbabwe\">Simbabwe<\/option>\n                            <\/select>\n        <\/p>\n\n        <p>\n            <label for=\"city\">Stadt<\/label>\n            <input name=\"city\" id=\"city\" type=\"text\" \/>\n        <\/p>\n\n        <p>\n            <input type=\"hidden\" name=\"sign_me_up\" value=\"now_please\" \/>\n            <input type=\"hidden\" name=\"register_nonce\" value=\"ba97819f76\" \/>\n            <input type=\"submit\" value=\"Register Your Account\" class=\"btn btn-primary\" \/>\n        <\/p>\n    <\/fieldset>\n<\/form>\n\n","protected":false},"excerpt":{"rendered":"","protected":false},"author":1,"featured_media":0,"parent":0,"menu_order":0,"comment_status":"closed","ping_status":"closed","template":"","meta":{"_acf_changed":false,"_seopress_robots_primary_cat":"","_seopress_titles_title":"","_seopress_titles_desc":"","_seopress_robots_index":"yes","footnotes":""},"class_list":["post-4315","page","type-page","status-publish","hentry"],"acf":[],"_links":{"self":[{"href":"https:\/\/app.r-biopharm.com\/de\/wp-json\/wp\/v2\/pages\/4315","targetHints":{"allow":["GET"]}}],"collection":[{"href":"https:\/\/app.r-biopharm.com\/de\/wp-json\/wp\/v2\/pages"}],"about":[{"href":"https:\/\/app.r-biopharm.com\/de\/wp-json\/wp\/v2\/types\/page"}],"author":[{"embeddable":true,"href":"https:\/\/app.r-biopharm.com\/de\/wp-json\/wp\/v2\/users\/1"}],"replies":[{"embeddable":true,"href":"https:\/\/app.r-biopharm.com\/de\/wp-json\/wp\/v2\/comments?post=4315"}],"version-history":[{"count":1,"href":"https:\/\/app.r-biopharm.com\/de\/wp-json\/wp\/v2\/pages\/4315\/revisions"}],"predecessor-version":[{"id":4316,"href":"https:\/\/app.r-biopharm.com\/de\/wp-json\/wp\/v2\/pages\/4315\/revisions\/4316"}],"wp:attachment":[{"href":"https:\/\/app.r-biopharm.com\/de\/wp-json\/wp\/v2\/media?parent=4315"}],"curies":[{"name":"wp","href":"https:\/\/api.w.org\/{rel}","templated":true}]}}